{"id":2000,"date":"2015-01-19T15:50:16","date_gmt":"2015-01-19T15:50:16","guid":{"rendered":"http:\/\/elofhanssonfastigheter.dev2.mildmedia-dev.eu\/organisation\/?lang=en"},"modified":"2024-04-04T13:53:08","modified_gmt":"2024-04-04T13:53:08","slug":"organisation","status":"publish","type":"page","link":"https:\/\/www.elofhanssonfastigheter.com\/en\/about-us\/organisation\/","title":{"rendered":"Organisation"},"content":{"rendered":"<div id=\"attachment_4087\" style=\"width: 210px\" class=\"wp-caption alignleft\"><img loading=\"lazy\" decoding=\"async\" aria-describedby=\"caption-attachment-4087\" class=\"wp-image-4087 size-full\" src=\"https:\/\/www.elofhanssonfastigheter.com\/wp-content\/uploads\/Michael-20221101-high.jpg\" alt=\"\" width=\"200\" height=\"300\" \/><p id=\"caption-attachment-4087\" class=\"wp-caption-text\"><strong>Managing Director<\/strong> <br \/>Michael Walmerud<\/p><\/div>\n<div id=\"attachment_4085\" style=\"width: 210px\" class=\"wp-caption alignleft\"><img loading=\"lazy\" decoding=\"async\" aria-describedby=\"caption-attachment-4085\" class=\"wp-image-4085 size-full\" src=\"https:\/\/www.elofhanssonfastigheter.com\/wp-content\/uploads\/Cecilia-20221101-high.jpg\" alt=\"\" width=\"200\" height=\"300\" \/><p id=\"caption-attachment-4085\" class=\"wp-caption-text\"><strong>Marketing &amp; Communications<\/strong><br \/>Cecilia Apelgren<\/p><\/div>\n<div id=\"attachment_4083\" style=\"width: 210px\" class=\"wp-caption alignleft\"><img loading=\"lazy\" decoding=\"async\" aria-describedby=\"caption-attachment-4083\" class=\"wp-image-4083 size-full\" src=\"https:\/\/www.elofhanssonfastigheter.com\/wp-content\/uploads\/Daniel-20221101-high.jpg\" alt=\"\" width=\"200\" height=\"300\" \/><p id=\"caption-attachment-4083\" class=\"wp-caption-text\"><strong>Property Development<\/strong><br \/>Daniel Holm\u00e9n<\/p><\/div>\n<div id=\"attachment_4074\" style=\"width: 210px\" class=\"wp-caption alignleft\"><img loading=\"lazy\" decoding=\"async\" aria-describedby=\"caption-attachment-4074\" class=\"wp-image-4074 size-full\" src=\"https:\/\/www.elofhanssonfastigheter.com\/wp-content\/uploads\/Eva-20221101-high-1.jpg\" alt=\"\" width=\"200\" height=\"300\" \/><p id=\"caption-attachment-4074\" class=\"wp-caption-text\"><strong>Finance<\/strong> <br \/>Eva Salomonsson<\/p><\/div>\n<div id=\"attachment_4069\" style=\"width: 210px\" class=\"wp-caption alignleft\"><img loading=\"lazy\" decoding=\"async\" aria-describedby=\"caption-attachment-4069\" class=\"wp-image-4069 size-full\" src=\"https:\/\/www.elofhanssonfastigheter.com\/wp-content\/uploads\/Roland-20221101high.jpg\" alt=\"\" width=\"200\" height=\"300\" \/><p id=\"caption-attachment-4069\" class=\"wp-caption-text\"><strong>Technical Property Management<\/strong> Roland Skogh<\/p><\/div>\n<div id=\"attachment_4107\" style=\"width: 210px\" class=\"wp-caption alignleft\"><img loading=\"lazy\" decoding=\"async\" aria-describedby=\"caption-attachment-4107\" class=\"wp-image-4107 size-full\" src=\"https:\/\/www.elofhanssonfastigheter.com\/wp-content\/uploads\/Anders-20221118-high.jpg\" alt=\"\" width=\"200\" height=\"300\" \/><p id=\"caption-attachment-4107\" class=\"wp-caption-text\"><strong>Building production Spec. Projects<\/strong> Anders Malmcrona<\/p><\/div>\n<div id=\"attachment_4107\" style=\"width: 210px\" class=\"wp-caption alignleft\"><img loading=\"lazy\" decoding=\"async\" aria-describedby=\"caption-attachment-4107\" class=\"alignnone wp-image-4290 size-full\" src=\"https:\/\/www.elofhanssonfastigheter.com\/wp-content\/uploads\/Natalie-20240327.jpg\" alt=\"\" width=\"200\" height=\"300\" \/><p id=\"caption-attachment-4107\" class=\"wp-caption-text\"><strong>Leasing Management<\/strong><br \/>Natalie H\u00e4ll<\/p><\/div>\n<div id=\"attachment_4107\" style=\"width: 210px\" class=\"wp-caption alignleft\"><img loading=\"lazy\" decoding=\"async\" aria-describedby=\"caption-attachment-4107\" class=\"alignnone wp-image-4405 size-full\" src=\"https:\/\/www.elofhanssonfastigheter.com\/wp-content\/uploads\/Daniel-S-20240327.jpg\" alt=\"\" width=\"200\" height=\"300\" \/><p id=\"caption-attachment-4107\" class=\"wp-caption-text\"><strong>Property Technician<\/strong><br \/>Daniel S\u00f6derquist<\/p><\/div>\n<p>&nbsp;<\/p>\n","protected":false},"excerpt":{"rendered":"<p>&nbsp;<\/p>\n","protected":false},"author":5,"featured_media":2009,"parent":2236,"menu_order":0,"comment_status":"closed","ping_status":"closed","template":"page-templates\/standard-page.php","meta":{"_acf_changed":false,"footnotes":""},"class_list":["post-2000","page","type-page","status-publish","has-post-thumbnail","hentry"],"acf":[],"yoast_head":"<!-- This site is optimized with the Yoast SEO plugin v27.5 - https:\/\/yoast.com\/product\/yoast-seo-wordpress\/ -->\n<title>Organisation | Elof Hansson Fastigheter<\/title>\n<meta name=\"description\" content=\"Elof Hansson Fastigheter f\u00f6rvaltar fastigheter centralt i G\u00f6teborg. V\u00e5ra lokaler finns kring Masthugget och L\u00e5nggatorna. L\u00e4s mer om v\u00e5r organisation.\" \/>\n<meta name=\"robots\" content=\"index, follow, max-snippet:-1, max-image-preview:large, max-video-preview:-1\" \/>\n<link rel=\"canonical\" href=\"https:\/\/www.elofhanssonfastigheter.com\/en\/about-us\/organisation\/\" \/>\n<meta property=\"og:locale\" content=\"en_US\" \/>\n<meta property=\"og:type\" content=\"article\" \/>\n<meta property=\"og:title\" content=\"Organisation | Elof Hansson Fastigheter\" \/>\n<meta property=\"og:description\" content=\"Elof Hansson Fastigheter f\u00f6rvaltar fastigheter centralt i G\u00f6teborg. V\u00e5ra lokaler finns kring Masthugget och L\u00e5nggatorna. L\u00e4s mer om v\u00e5r organisation.\" \/>\n<meta property=\"og:url\" content=\"https:\/\/www.elofhanssonfastigheter.com\/en\/about-us\/organisation\/\" \/>\n<meta property=\"og:site_name\" content=\"Elof Hansson\" \/>\n<meta property=\"article:modified_time\" content=\"2024-04-04T13:53:08+00:00\" \/>\n<meta property=\"og:image\" content=\"https:\/\/www.elofhanssonfastigheter.com\/wp-content\/uploads\/Huvud_Organisation.jpg\" \/>\n\t<meta property=\"og:image:width\" content=\"5616\" \/>\n\t<meta property=\"og:image:height\" content=\"1566\" \/>\n\t<meta property=\"og:image:type\" content=\"image\/jpeg\" \/>\n<meta name=\"twitter:label1\" content=\"Est. reading time\" \/>\n\t<meta name=\"twitter:data1\" content=\"3 minutes\" \/>\n<script type=\"application\/ld+json\" class=\"yoast-schema-graph\">{\"@context\":\"https:\\\/\\\/schema.org\",\"@graph\":[{\"@type\":\"WebPage\",\"@id\":\"https:\\\/\\\/www.elofhanssonfastigheter.com\\\/en\\\/about-us\\\/organisation\\\/\",\"url\":\"https:\\\/\\\/www.elofhanssonfastigheter.com\\\/en\\\/about-us\\\/organisation\\\/\",\"name\":\"Organisation | Elof Hansson Fastigheter\",\"isPartOf\":{\"@id\":\"https:\\\/\\\/www.elofhanssonfastigheter.com\\\/#website\"},\"primaryImageOfPage\":{\"@id\":\"https:\\\/\\\/www.elofhanssonfastigheter.com\\\/en\\\/about-us\\\/organisation\\\/#primaryimage\"},\"image\":{\"@id\":\"https:\\\/\\\/www.elofhanssonfastigheter.com\\\/en\\\/about-us\\\/organisation\\\/#primaryimage\"},\"thumbnailUrl\":\"https:\\\/\\\/www.elofhanssonfastigheter.com\\\/wp-content\\\/uploads\\\/Huvud_Organisation.jpg\",\"datePublished\":\"2015-01-19T15:50:16+00:00\",\"dateModified\":\"2024-04-04T13:53:08+00:00\",\"description\":\"Elof Hansson Fastigheter f\u00f6rvaltar fastigheter centralt i G\u00f6teborg. V\u00e5ra lokaler finns kring Masthugget och L\u00e5nggatorna. L\u00e4s mer om v\u00e5r organisation.\",\"breadcrumb\":{\"@id\":\"https:\\\/\\\/www.elofhanssonfastigheter.com\\\/en\\\/about-us\\\/organisation\\\/#breadcrumb\"},\"inLanguage\":\"en-US\",\"potentialAction\":[{\"@type\":\"ReadAction\",\"target\":[\"https:\\\/\\\/www.elofhanssonfastigheter.com\\\/en\\\/about-us\\\/organisation\\\/\"]}]},{\"@type\":\"ImageObject\",\"inLanguage\":\"en-US\",\"@id\":\"https:\\\/\\\/www.elofhanssonfastigheter.com\\\/en\\\/about-us\\\/organisation\\\/#primaryimage\",\"url\":\"https:\\\/\\\/www.elofhanssonfastigheter.com\\\/wp-content\\\/uploads\\\/Huvud_Organisation.jpg\",\"contentUrl\":\"https:\\\/\\\/www.elofhanssonfastigheter.com\\\/wp-content\\\/uploads\\\/Huvud_Organisation.jpg\",\"width\":5616,\"height\":1566},{\"@type\":\"BreadcrumbList\",\"@id\":\"https:\\\/\\\/www.elofhanssonfastigheter.com\\\/en\\\/about-us\\\/organisation\\\/#breadcrumb\",\"itemListElement\":[{\"@type\":\"ListItem\",\"position\":1,\"name\":\"Home\",\"item\":\"https:\\\/\\\/www.elofhanssonfastigheter.com\\\/en\\\/\"},{\"@type\":\"ListItem\",\"position\":2,\"name\":\"About us\",\"item\":\"https:\\\/\\\/www.elofhanssonfastigheter.com\\\/en\\\/about-us\\\/\"},{\"@type\":\"ListItem\",\"position\":3,\"name\":\"Organisation\"}]},{\"@type\":\"WebSite\",\"@id\":\"https:\\\/\\\/www.elofhanssonfastigheter.com\\\/#website\",\"url\":\"https:\\\/\\\/www.elofhanssonfastigheter.com\\\/\",\"name\":\"Elof Hansson\",\"description\":\"\",\"potentialAction\":[{\"@type\":\"SearchAction\",\"target\":{\"@type\":\"EntryPoint\",\"urlTemplate\":\"https:\\\/\\\/www.elofhanssonfastigheter.com\\\/?s={search_term_string}\"},\"query-input\":{\"@type\":\"PropertyValueSpecification\",\"valueRequired\":true,\"valueName\":\"search_term_string\"}}],\"inLanguage\":\"en-US\"}]}<\/script>\n<!-- \/ Yoast SEO plugin. -->","yoast_head_json":{"title":"Organisation | Elof Hansson Fastigheter","description":"Elof Hansson Fastigheter f\u00f6rvaltar fastigheter centralt i G\u00f6teborg. V\u00e5ra lokaler finns kring Masthugget och L\u00e5nggatorna. L\u00e4s mer om v\u00e5r organisation.","robots":{"index":"index","follow":"follow","max-snippet":"max-snippet:-1","max-image-preview":"max-image-preview:large","max-video-preview":"max-video-preview:-1"},"canonical":"https:\/\/www.elofhanssonfastigheter.com\/en\/about-us\/organisation\/","og_locale":"en_US","og_type":"article","og_title":"Organisation | Elof Hansson Fastigheter","og_description":"Elof Hansson Fastigheter f\u00f6rvaltar fastigheter centralt i G\u00f6teborg. V\u00e5ra lokaler finns kring Masthugget och L\u00e5nggatorna. L\u00e4s mer om v\u00e5r organisation.","og_url":"https:\/\/www.elofhanssonfastigheter.com\/en\/about-us\/organisation\/","og_site_name":"Elof Hansson","article_modified_time":"2024-04-04T13:53:08+00:00","og_image":[{"width":5616,"height":1566,"url":"https:\/\/www.elofhanssonfastigheter.com\/wp-content\/uploads\/Huvud_Organisation.jpg","type":"image\/jpeg"}],"twitter_misc":{"Est. reading time":"3 minutes"},"schema":{"@context":"https:\/\/schema.org","@graph":[{"@type":"WebPage","@id":"https:\/\/www.elofhanssonfastigheter.com\/en\/about-us\/organisation\/","url":"https:\/\/www.elofhanssonfastigheter.com\/en\/about-us\/organisation\/","name":"Organisation | Elof Hansson Fastigheter","isPartOf":{"@id":"https:\/\/www.elofhanssonfastigheter.com\/#website"},"primaryImageOfPage":{"@id":"https:\/\/www.elofhanssonfastigheter.com\/en\/about-us\/organisation\/#primaryimage"},"image":{"@id":"https:\/\/www.elofhanssonfastigheter.com\/en\/about-us\/organisation\/#primaryimage"},"thumbnailUrl":"https:\/\/www.elofhanssonfastigheter.com\/wp-content\/uploads\/Huvud_Organisation.jpg","datePublished":"2015-01-19T15:50:16+00:00","dateModified":"2024-04-04T13:53:08+00:00","description":"Elof Hansson Fastigheter f\u00f6rvaltar fastigheter centralt i G\u00f6teborg. V\u00e5ra lokaler finns kring Masthugget och L\u00e5nggatorna. L\u00e4s mer om v\u00e5r organisation.","breadcrumb":{"@id":"https:\/\/www.elofhanssonfastigheter.com\/en\/about-us\/organisation\/#breadcrumb"},"inLanguage":"en-US","potentialAction":[{"@type":"ReadAction","target":["https:\/\/www.elofhanssonfastigheter.com\/en\/about-us\/organisation\/"]}]},{"@type":"ImageObject","inLanguage":"en-US","@id":"https:\/\/www.elofhanssonfastigheter.com\/en\/about-us\/organisation\/#primaryimage","url":"https:\/\/www.elofhanssonfastigheter.com\/wp-content\/uploads\/Huvud_Organisation.jpg","contentUrl":"https:\/\/www.elofhanssonfastigheter.com\/wp-content\/uploads\/Huvud_Organisation.jpg","width":5616,"height":1566},{"@type":"BreadcrumbList","@id":"https:\/\/www.elofhanssonfastigheter.com\/en\/about-us\/organisation\/#breadcrumb","itemListElement":[{"@type":"ListItem","position":1,"name":"Home","item":"https:\/\/www.elofhanssonfastigheter.com\/en\/"},{"@type":"ListItem","position":2,"name":"About us","item":"https:\/\/www.elofhanssonfastigheter.com\/en\/about-us\/"},{"@type":"ListItem","position":3,"name":"Organisation"}]},{"@type":"WebSite","@id":"https:\/\/www.elofhanssonfastigheter.com\/#website","url":"https:\/\/www.elofhanssonfastigheter.com\/","name":"Elof Hansson","description":"","potentialAction":[{"@type":"SearchAction","target":{"@type":"EntryPoint","urlTemplate":"https:\/\/www.elofhanssonfastigheter.com\/?s={search_term_string}"},"query-input":{"@type":"PropertyValueSpecification","valueRequired":true,"valueName":"search_term_string"}}],"inLanguage":"en-US"}]}},"_links":{"self":[{"href":"https:\/\/www.elofhanssonfastigheter.com\/en\/wp-json\/wp\/v2\/pages\/2000","targetHints":{"allow":["GET"]}}],"collection":[{"href":"https:\/\/www.elofhanssonfastigheter.com\/en\/wp-json\/wp\/v2\/pages"}],"about":[{"href":"https:\/\/www.elofhanssonfastigheter.com\/en\/wp-json\/wp\/v2\/types\/page"}],"author":[{"embeddable":true,"href":"https:\/\/www.elofhanssonfastigheter.com\/en\/wp-json\/wp\/v2\/users\/5"}],"replies":[{"embeddable":true,"href":"https:\/\/www.elofhanssonfastigheter.com\/en\/wp-json\/wp\/v2\/comments?post=2000"}],"version-history":[{"count":20,"href":"https:\/\/www.elofhanssonfastigheter.com\/en\/wp-json\/wp\/v2\/pages\/2000\/revisions"}],"predecessor-version":[{"id":4506,"href":"https:\/\/www.elofhanssonfastigheter.com\/en\/wp-json\/wp\/v2\/pages\/2000\/revisions\/4506"}],"up":[{"embeddable":true,"href":"https:\/\/www.elofhanssonfastigheter.com\/en\/wp-json\/wp\/v2\/pages\/2236"}],"wp:featuredmedia":[{"embeddable":true,"href":"https:\/\/www.elofhanssonfastigheter.com\/en\/wp-json\/wp\/v2\/media\/2009"}],"wp:attachment":[{"href":"https:\/\/www.elofhanssonfastigheter.com\/en\/wp-json\/wp\/v2\/media?parent=2000"}],"curies":[{"name":"wp","href":"https:\/\/api.w.org\/{rel}","templated":true}]}}