{"id":2239,"date":"2014-11-01T14:27:29","date_gmt":"2014-11-01T14:27:29","guid":{"rendered":"http:\/\/elofhanssonfastigheter.dev2.mildmedia-dev.eu\/kunder\/nojda-kunder\/?lang=en"},"modified":"2014-11-01T14:27:29","modified_gmt":"2014-11-01T14:27:29","slug":"nojda-kunder","status":"publish","type":"page","link":"https:\/\/www.elofhanssonfastigheter.com\/en\/kunder\/nojda-kunder\/","title":{"rendered":"S:t Lukas"},"content":{"rendered":"<p><strong>Professionell milj\u00f6 f\u00f6r personliga m\u00f6ten<\/strong><\/p>\n<p>\u2013 Egentligen hade vi fantastiska lokaler i lantlig milj\u00f6. Men huset beh\u00f6vde renoveras och l\u00e4get var ocentralt f\u00f6r m\u00e5nga av v\u00e5ra bes\u00f6kare. S\u00e5 vi b\u00f6rjade se oss om och n\u00e4r vi kom hit blev vi f\u00f6rtjusta i b\u00e5de lokalerna och l\u00e4ge. F\u00f6rsta L\u00e5nggatan \u00e4r l\u00e4tt att n\u00e5 med b\u00e5de bil och allm\u00e4nna kommunikationer.<\/p>\n<p>Det s\u00e4ger Birgitta L\u00f6nnebo, verksamhetschef f\u00f6r S:t Lukas i G\u00f6teborg aprop\u00e5 flytten fr\u00e5n<br \/>\nLukasg\u00e5rden i Backa till F\u00f6rsta L\u00e5nggatan 21. S:t Lukas \u00e4r en id\u00e9buren organisation som<br \/>\narbetar med samtalsst\u00f6d f\u00f6r privatpersoner och organisationer. Man startade p\u00e5 30-talet<br \/>\noch har funnits i G\u00f6teborg i 50 \u00e5r. F\u00f6rutom p\u00e5 F\u00f6rsta L\u00e5nggatan finns mottagningar i M\u00f6lndal, Kung\u00e4lv och Uddevalla, d\u00e4r de anst\u00e4llda; psykoterapeuter, psykologer, organisationskonsulter medarbetare och administrativa personalen arbetar.<\/p>\n<p>\u2013 Psykiatrin p\u00e5 30-talet handlade mycket om medicinering, s\u00e4ger Birgitta L\u00f6nnebo. S:t Lukas startades d\u00e5 f\u00f6r att fr\u00e4mja id\u00e9n och kunskapen om samtal som metod f\u00f6r att l\u00f6sa<br \/>\npersonliga kriser och det \u00e4r fortfarande s\u00e5 vi arbetar.<\/p>\n","protected":false},"excerpt":{"rendered":"<p>Professionell milj\u00f6 f\u00f6r personliga m\u00f6ten \u2013 Egentligen hade vi fantastiska lokaler i lantlig milj\u00f6. Men huset beh\u00f6vde renoveras och l\u00e4get var ocentralt f\u00f6r m\u00e5nga av v\u00e5ra bes\u00f6kare. S\u00e5 vi b\u00f6rjade se oss om och n\u00e4r vi kom hit blev vi f\u00f6rtjusta i b\u00e5de lokalerna och l\u00e4ge. F\u00f6rsta L\u00e5nggatan \u00e4r l\u00e4tt att n\u00e5 med b\u00e5de bil [&hellip;]<\/p>\n","protected":false},"author":5,"featured_media":2240,"parent":2026,"menu_order":5,"comment_status":"open","ping_status":"open","template":"page-templates\/standard-page.php","meta":{"_acf_changed":false,"footnotes":""},"class_list":["post-2239","page","type-page","status-publish","has-post-thumbnail","hentry"],"acf":[],"yoast_head":"<!-- This site is optimized with the Yoast SEO plugin v27.3 - https:\/\/yoast.com\/product\/yoast-seo-wordpress\/ -->\n<title>S:t Lukas | Kunder | Elof Hansson Fastigheter<\/title>\n<meta name=\"description\" content=\"Elof Hansson Fastigheter erbjuder butiks- och kontorslokaler i G\u00f6teborg. H\u00e4r kan du l\u00e4sa mer om S:t Lukas, en av v\u00e5ra hyresg\u00e4ster p\u00e5 F\u00f6rsta L\u00e5nggatan.\" \/>\n<meta name=\"robots\" content=\"index, follow, max-snippet:-1, max-image-preview:large, max-video-preview:-1\" \/>\n<link rel=\"canonical\" href=\"https:\/\/www.elofhanssonfastigheter.com\/en\/kunder\/nojda-kunder\/\" \/>\n<meta property=\"og:locale\" content=\"en_US\" \/>\n<meta property=\"og:type\" content=\"article\" \/>\n<meta property=\"og:title\" content=\"S:t Lukas | Kunder | Elof Hansson Fastigheter\" \/>\n<meta property=\"og:description\" content=\"Elof Hansson Fastigheter erbjuder butiks- och kontorslokaler i G\u00f6teborg. H\u00e4r kan du l\u00e4sa mer om S:t Lukas, en av v\u00e5ra hyresg\u00e4ster p\u00e5 F\u00f6rsta L\u00e5nggatan.\" \/>\n<meta property=\"og:url\" content=\"https:\/\/www.elofhanssonfastigheter.com\/en\/kunder\/nojda-kunder\/\" \/>\n<meta property=\"og:site_name\" content=\"Elof Hansson\" \/>\n<meta property=\"og:image\" content=\"https:\/\/www.elofhanssonfastigheter.com\/wp-content\/uploads\/bn-1.jpg\" \/>\n\t<meta property=\"og:image:width\" content=\"2200\" \/>\n\t<meta property=\"og:image:height\" content=\"613\" \/>\n\t<meta property=\"og:image:type\" content=\"image\/jpeg\" \/>\n<meta name=\"twitter:label1\" content=\"Est. reading time\" \/>\n\t<meta name=\"twitter:data1\" content=\"1 minute\" \/>\n<script type=\"application\/ld+json\" class=\"yoast-schema-graph\">{\"@context\":\"https:\\\/\\\/schema.org\",\"@graph\":[{\"@type\":\"WebPage\",\"@id\":\"https:\\\/\\\/www.elofhanssonfastigheter.com\\\/en\\\/kunder\\\/nojda-kunder\\\/\",\"url\":\"https:\\\/\\\/www.elofhanssonfastigheter.com\\\/en\\\/kunder\\\/nojda-kunder\\\/\",\"name\":\"S:t Lukas | Kunder | Elof Hansson Fastigheter\",\"isPartOf\":{\"@id\":\"https:\\\/\\\/www.elofhanssonfastigheter.com\\\/#website\"},\"primaryImageOfPage\":{\"@id\":\"https:\\\/\\\/www.elofhanssonfastigheter.com\\\/en\\\/kunder\\\/nojda-kunder\\\/#primaryimage\"},\"image\":{\"@id\":\"https:\\\/\\\/www.elofhanssonfastigheter.com\\\/en\\\/kunder\\\/nojda-kunder\\\/#primaryimage\"},\"thumbnailUrl\":\"https:\\\/\\\/www.elofhanssonfastigheter.com\\\/wp-content\\\/uploads\\\/bn-1.jpg\",\"datePublished\":\"2014-11-01T14:27:29+00:00\",\"description\":\"Elof Hansson Fastigheter erbjuder butiks- och kontorslokaler i G\u00f6teborg. H\u00e4r kan du l\u00e4sa mer om S:t Lukas, en av v\u00e5ra hyresg\u00e4ster p\u00e5 F\u00f6rsta L\u00e5nggatan.\",\"breadcrumb\":{\"@id\":\"https:\\\/\\\/www.elofhanssonfastigheter.com\\\/en\\\/kunder\\\/nojda-kunder\\\/#breadcrumb\"},\"inLanguage\":\"en-US\",\"potentialAction\":[{\"@type\":\"ReadAction\",\"target\":[\"https:\\\/\\\/www.elofhanssonfastigheter.com\\\/en\\\/kunder\\\/nojda-kunder\\\/\"]}]},{\"@type\":\"ImageObject\",\"inLanguage\":\"en-US\",\"@id\":\"https:\\\/\\\/www.elofhanssonfastigheter.com\\\/en\\\/kunder\\\/nojda-kunder\\\/#primaryimage\",\"url\":\"https:\\\/\\\/www.elofhanssonfastigheter.com\\\/wp-content\\\/uploads\\\/bn-1.jpg\",\"contentUrl\":\"https:\\\/\\\/www.elofhanssonfastigheter.com\\\/wp-content\\\/uploads\\\/bn-1.jpg\",\"width\":2200,\"height\":613},{\"@type\":\"BreadcrumbList\",\"@id\":\"https:\\\/\\\/www.elofhanssonfastigheter.com\\\/en\\\/kunder\\\/nojda-kunder\\\/#breadcrumb\",\"itemListElement\":[{\"@type\":\"ListItem\",\"position\":1,\"name\":\"Home\",\"item\":\"https:\\\/\\\/www.elofhanssonfastigheter.com\\\/en\\\/\"},{\"@type\":\"ListItem\",\"position\":2,\"name\":\"Kunder\",\"item\":\"https:\\\/\\\/www.elofhanssonfastigheter.com\\\/en\\\/kunder\\\/\"},{\"@type\":\"ListItem\",\"position\":3,\"name\":\"S:t Lukas\"}]},{\"@type\":\"WebSite\",\"@id\":\"https:\\\/\\\/www.elofhanssonfastigheter.com\\\/#website\",\"url\":\"https:\\\/\\\/www.elofhanssonfastigheter.com\\\/\",\"name\":\"Elof Hansson\",\"description\":\"\",\"potentialAction\":[{\"@type\":\"SearchAction\",\"target\":{\"@type\":\"EntryPoint\",\"urlTemplate\":\"https:\\\/\\\/www.elofhanssonfastigheter.com\\\/?s={search_term_string}\"},\"query-input\":{\"@type\":\"PropertyValueSpecification\",\"valueRequired\":true,\"valueName\":\"search_term_string\"}}],\"inLanguage\":\"en-US\"}]}<\/script>\n<!-- \/ Yoast SEO plugin. -->","yoast_head_json":{"title":"S:t Lukas | Kunder | Elof Hansson Fastigheter","description":"Elof Hansson Fastigheter erbjuder butiks- och kontorslokaler i G\u00f6teborg. H\u00e4r kan du l\u00e4sa mer om S:t Lukas, en av v\u00e5ra hyresg\u00e4ster p\u00e5 F\u00f6rsta L\u00e5nggatan.","robots":{"index":"index","follow":"follow","max-snippet":"max-snippet:-1","max-image-preview":"max-image-preview:large","max-video-preview":"max-video-preview:-1"},"canonical":"https:\/\/www.elofhanssonfastigheter.com\/en\/kunder\/nojda-kunder\/","og_locale":"en_US","og_type":"article","og_title":"S:t Lukas | Kunder | Elof Hansson Fastigheter","og_description":"Elof Hansson Fastigheter erbjuder butiks- och kontorslokaler i G\u00f6teborg. H\u00e4r kan du l\u00e4sa mer om S:t Lukas, en av v\u00e5ra hyresg\u00e4ster p\u00e5 F\u00f6rsta L\u00e5nggatan.","og_url":"https:\/\/www.elofhanssonfastigheter.com\/en\/kunder\/nojda-kunder\/","og_site_name":"Elof Hansson","og_image":[{"width":2200,"height":613,"url":"https:\/\/www.elofhanssonfastigheter.com\/wp-content\/uploads\/bn-1.jpg","type":"image\/jpeg"}],"twitter_misc":{"Est. reading time":"1 minute"},"schema":{"@context":"https:\/\/schema.org","@graph":[{"@type":"WebPage","@id":"https:\/\/www.elofhanssonfastigheter.com\/en\/kunder\/nojda-kunder\/","url":"https:\/\/www.elofhanssonfastigheter.com\/en\/kunder\/nojda-kunder\/","name":"S:t Lukas | Kunder | Elof Hansson Fastigheter","isPartOf":{"@id":"https:\/\/www.elofhanssonfastigheter.com\/#website"},"primaryImageOfPage":{"@id":"https:\/\/www.elofhanssonfastigheter.com\/en\/kunder\/nojda-kunder\/#primaryimage"},"image":{"@id":"https:\/\/www.elofhanssonfastigheter.com\/en\/kunder\/nojda-kunder\/#primaryimage"},"thumbnailUrl":"https:\/\/www.elofhanssonfastigheter.com\/wp-content\/uploads\/bn-1.jpg","datePublished":"2014-11-01T14:27:29+00:00","description":"Elof Hansson Fastigheter erbjuder butiks- och kontorslokaler i G\u00f6teborg. H\u00e4r kan du l\u00e4sa mer om S:t Lukas, en av v\u00e5ra hyresg\u00e4ster p\u00e5 F\u00f6rsta L\u00e5nggatan.","breadcrumb":{"@id":"https:\/\/www.elofhanssonfastigheter.com\/en\/kunder\/nojda-kunder\/#breadcrumb"},"inLanguage":"en-US","potentialAction":[{"@type":"ReadAction","target":["https:\/\/www.elofhanssonfastigheter.com\/en\/kunder\/nojda-kunder\/"]}]},{"@type":"ImageObject","inLanguage":"en-US","@id":"https:\/\/www.elofhanssonfastigheter.com\/en\/kunder\/nojda-kunder\/#primaryimage","url":"https:\/\/www.elofhanssonfastigheter.com\/wp-content\/uploads\/bn-1.jpg","contentUrl":"https:\/\/www.elofhanssonfastigheter.com\/wp-content\/uploads\/bn-1.jpg","width":2200,"height":613},{"@type":"BreadcrumbList","@id":"https:\/\/www.elofhanssonfastigheter.com\/en\/kunder\/nojda-kunder\/#breadcrumb","itemListElement":[{"@type":"ListItem","position":1,"name":"Home","item":"https:\/\/www.elofhanssonfastigheter.com\/en\/"},{"@type":"ListItem","position":2,"name":"Kunder","item":"https:\/\/www.elofhanssonfastigheter.com\/en\/kunder\/"},{"@type":"ListItem","position":3,"name":"S:t Lukas"}]},{"@type":"WebSite","@id":"https:\/\/www.elofhanssonfastigheter.com\/#website","url":"https:\/\/www.elofhanssonfastigheter.com\/","name":"Elof Hansson","description":"","potentialAction":[{"@type":"SearchAction","target":{"@type":"EntryPoint","urlTemplate":"https:\/\/www.elofhanssonfastigheter.com\/?s={search_term_string}"},"query-input":{"@type":"PropertyValueSpecification","valueRequired":true,"valueName":"search_term_string"}}],"inLanguage":"en-US"}]}},"_links":{"self":[{"href":"https:\/\/www.elofhanssonfastigheter.com\/en\/wp-json\/wp\/v2\/pages\/2239","targetHints":{"allow":["GET"]}}],"collection":[{"href":"https:\/\/www.elofhanssonfastigheter.com\/en\/wp-json\/wp\/v2\/pages"}],"about":[{"href":"https:\/\/www.elofhanssonfastigheter.com\/en\/wp-json\/wp\/v2\/types\/page"}],"author":[{"embeddable":true,"href":"https:\/\/www.elofhanssonfastigheter.com\/en\/wp-json\/wp\/v2\/users\/5"}],"replies":[{"embeddable":true,"href":"https:\/\/www.elofhanssonfastigheter.com\/en\/wp-json\/wp\/v2\/comments?post=2239"}],"version-history":[{"count":0,"href":"https:\/\/www.elofhanssonfastigheter.com\/en\/wp-json\/wp\/v2\/pages\/2239\/revisions"}],"up":[{"embeddable":true,"href":"https:\/\/www.elofhanssonfastigheter.com\/en\/wp-json\/wp\/v2\/pages\/2026"}],"wp:featuredmedia":[{"embeddable":true,"href":"https:\/\/www.elofhanssonfastigheter.com\/en\/wp-json\/wp\/v2\/media\/2240"}],"wp:attachment":[{"href":"https:\/\/www.elofhanssonfastigheter.com\/en\/wp-json\/wp\/v2\/media?parent=2239"}],"curies":[{"name":"wp","href":"https:\/\/api.w.org\/{rel}","templated":true}]}}